{"id":317,"date":"2024-01-23T10:46:49","date_gmt":"2024-01-23T10:46:49","guid":{"rendered":"https:\/\/demo.clipmydeals.com\/11\/?page_id=317"},"modified":"2024-01-23T10:46:49","modified_gmt":"2024-01-23T10:46:49","slug":"retrait","status":"publish","type":"page","link":"https:\/\/demo.clipmydeals.com\/11\/retrait\/","title":{"rendered":"Retrait"},"content":{"rendered":"\n<div class=\"col-12 cmdcp_transactions_data\">\n            <p>Vous devez \u00eatre connect\u00e9 pour acc\u00e9der \u00e0 cette page                    <div id=\"user_profile_cashback_login_button\" class=\"btn btn-info text-white\" onclick=\"cmdLoadLoginModal()\"><i class=\"fa fa-user\"><\/i> Se connecter<\/div>\n        <\/p>\n    <\/div>\n","protected":false},"excerpt":{"rendered":"","protected":false},"author":1,"featured_media":0,"parent":0,"menu_order":0,"comment_status":"closed","ping_status":"closed","template":"","meta":{"footnotes":""},"class_list":["post-317","page","type-page","status-publish","hentry"],"_links":{"self":[{"href":"https:\/\/demo.clipmydeals.com\/11\/wp-json\/wp\/v2\/pages\/317","targetHints":{"allow":["GET"]}}],"collection":[{"href":"https:\/\/demo.clipmydeals.com\/11\/wp-json\/wp\/v2\/pages"}],"about":[{"href":"https:\/\/demo.clipmydeals.com\/11\/wp-json\/wp\/v2\/types\/page"}],"author":[{"embeddable":true,"href":"https:\/\/demo.clipmydeals.com\/11\/wp-json\/wp\/v2\/users\/1"}],"replies":[{"embeddable":true,"href":"https:\/\/demo.clipmydeals.com\/11\/wp-json\/wp\/v2\/comments?post=317"}],"version-history":[{"count":1,"href":"https:\/\/demo.clipmydeals.com\/11\/wp-json\/wp\/v2\/pages\/317\/revisions"}],"predecessor-version":[{"id":318,"href":"https:\/\/demo.clipmydeals.com\/11\/wp-json\/wp\/v2\/pages\/317\/revisions\/318"}],"wp:attachment":[{"href":"https:\/\/demo.clipmydeals.com\/11\/wp-json\/wp\/v2\/media?parent=317"}],"curies":[{"name":"wp","href":"https:\/\/api.w.org\/{rel}","templated":true}]}}