{"id":319,"date":"2024-01-23T10:47:40","date_gmt":"2024-01-23T10:47:40","guid":{"rendered":"https:\/\/demo.clipmydeals.com\/11\/?page_id=319"},"modified":"2024-01-23T10:47:40","modified_gmt":"2024-01-23T10:47:40","slug":"transaction","status":"publish","type":"page","link":"https:\/\/demo.clipmydeals.com\/11\/transaction\/","title":{"rendered":"Transaction"},"content":{"rendered":"<div class=\"col-12 cmdcp_transactions_data\">\n            <p>Vous devez \u00eatre connect\u00e9 pour acc\u00e9der \u00e0 cette page                    <div id=\"user_profile_cashback_login_button\" class=\"btn btn-info text-white\" onclick=\"cmdLoadLoginModal()\"><i class=\"fa fa-user\"><\/i> Se connecter<\/div>\n        <\/p>\n    <\/div>\n","protected":false},"excerpt":{"rendered":"","protected":false},"author":1,"featured_media":0,"parent":0,"menu_order":0,"comment_status":"closed","ping_status":"closed","template":"","meta":{"footnotes":""},"class_list":["post-319","page","type-page","status-publish","hentry"],"_links":{"self":[{"href":"https:\/\/demo.clipmydeals.com\/11\/wp-json\/wp\/v2\/pages\/319","targetHints":{"allow":["GET"]}}],"collection":[{"href":"https:\/\/demo.clipmydeals.com\/11\/wp-json\/wp\/v2\/pages"}],"about":[{"href":"https:\/\/demo.clipmydeals.com\/11\/wp-json\/wp\/v2\/types\/page"}],"author":[{"embeddable":true,"href":"https:\/\/demo.clipmydeals.com\/11\/wp-json\/wp\/v2\/users\/1"}],"replies":[{"embeddable":true,"href":"https:\/\/demo.clipmydeals.com\/11\/wp-json\/wp\/v2\/comments?post=319"}],"version-history":[{"count":1,"href":"https:\/\/demo.clipmydeals.com\/11\/wp-json\/wp\/v2\/pages\/319\/revisions"}],"predecessor-version":[{"id":320,"href":"https:\/\/demo.clipmydeals.com\/11\/wp-json\/wp\/v2\/pages\/319\/revisions\/320"}],"wp:attachment":[{"href":"https:\/\/demo.clipmydeals.com\/11\/wp-json\/wp\/v2\/media?parent=319"}],"curies":[{"name":"wp","href":"https:\/\/api.w.org\/{rel}","templated":true}]}}