{"id":58,"date":"2024-01-25T06:46:08","date_gmt":"2024-01-25T06:46:08","guid":{"rendered":"https:\/\/demo.clipmydeals.com\/14\/indique-e-ganhe\/"},"modified":"2024-03-06T05:01:29","modified_gmt":"2024-03-06T05:01:29","slug":"indique-e-ganhe","status":"publish","type":"page","link":"https:\/\/demo.clipmydeals.com\/14\/indique-e-ganhe\/","title":{"rendered":"Indique E Ganhe"},"content":{"rendered":"\n<figure class=\"wp-block-image size-large is-resized\"><img loading=\"lazy\" decoding=\"async\" width=\"1024\" height=\"340\" src=\"http:\/\/demo.clipmydeals.com\/14\/wp-content\/uploads\/2024\/01\/refer-1024x340.png\" alt=\"\" class=\"wp-image-235\" style=\"width:1140px;height:378px\" srcset=\"https:\/\/demo.clipmydeals.com\/14\/wp-content\/uploads\/2024\/01\/refer-1024x340.png 1024w, https:\/\/demo.clipmydeals.com\/14\/wp-content\/uploads\/2024\/01\/refer-300x99.png 300w, https:\/\/demo.clipmydeals.com\/14\/wp-content\/uploads\/2024\/01\/refer-768x255.png 768w, https:\/\/demo.clipmydeals.com\/14\/wp-content\/uploads\/2024\/01\/refer.png 1140w\" sizes=\"auto, (max-width: 1024px) 100vw, 1024px\" \/><\/figure>\n\n\n\n<h2 class=\"wp-block-heading\">Como funciona<\/h2>\n\n\n\n<div class=\"wp-block-media-text alignwide is-stacked-on-mobile\" style=\"grid-template-columns:18% auto\"><figure class=\"wp-block-media-text__media\"><img loading=\"lazy\" decoding=\"async\" width=\"162\" height=\"116\" src=\"http:\/\/demo.clipmydeals.com\/14\/wp-content\/uploads\/2024\/01\/like.png\" alt=\"\" class=\"wp-image-232 size-full\"\/><\/figure><div class=\"wp-block-media-text__content\">\n<p class=\"has-large-font-size\">1. Cadastre-se em nosso site<\/p>\n\n\n\n<p><a href=\"https:\/\/demo.clipmydeals.com\/14\/register\/?referrer=friend\" target=\"_blank\" rel=\"noreferrer noopener\"><em>Inscrever-se<\/em><\/a><em> se voc\u00ea ainda n\u00e3o aderiu.\u00a0<\/em><a href=\"https:\/\/demo.clipmydeals.com\/14\/wp-login.php\" target=\"_blank\" rel=\"noreferrer noopener\"><em>Conecte-se<\/em><\/a><em>\u00a0para uma conta existente.<\/em><\/p>\n<\/div><\/div>\n\n\n\n<div class=\"wp-block-media-text alignwide has-media-on-the-right is-stacked-on-mobile\" style=\"grid-template-columns:auto 22%\"><div class=\"wp-block-media-text__content\">\n<p class=\"has-large-font-size\">2. Convide seus amigos<\/p>\n\n\n\n<p><em>Pense em todos os seus amigos que fazem compras online regularmente e convide-os. Quanto mais voc\u00ea convida, mais voc\u00ea ganha.<\/em><\/p>\n<\/div><figure class=\"wp-block-media-text__media\"><img loading=\"lazy\" decoding=\"async\" width=\"191\" height=\"190\" src=\"http:\/\/demo.clipmydeals.com\/14\/wp-content\/uploads\/2024\/01\/teamwork.png\" alt=\"\" class=\"wp-image-238 size-full\" srcset=\"https:\/\/demo.clipmydeals.com\/14\/wp-content\/uploads\/2024\/01\/teamwork.png 191w, https:\/\/demo.clipmydeals.com\/14\/wp-content\/uploads\/2024\/01\/teamwork-150x150.png 150w\" sizes=\"auto, (max-width: 191px) 100vw, 191px\" \/><\/figure><\/div>\n\n\n\n<div class=\"wp-block-media-text alignwide is-stacked-on-mobile\" style=\"grid-template-columns:19% auto\"><figure class=\"wp-block-media-text__media\"><img loading=\"lazy\" decoding=\"async\" width=\"156\" height=\"144\" src=\"http:\/\/demo.clipmydeals.com\/14\/wp-content\/uploads\/2024\/01\/shopping-cart.png\" alt=\"\" class=\"wp-image-237 size-full\"\/><\/figure><div class=\"wp-block-media-text__content\">\n<p class=\"has-large-font-size\">3. Seus amigos compram e ganham dinheiro de volta<\/p>\n\n\n\n<p><em>Seus amigos compram em nosso site e come\u00e7am a ganhar dinheiro de volta.<\/em><\/p>\n<\/div><\/div>\n\n\n\n<div class=\"wp-block-media-text alignwide has-media-on-the-right is-stacked-on-mobile\" style=\"grid-template-columns:auto 11%\"><div class=\"wp-block-media-text__content\">\n<p class=\"has-large-font-size\">4. Voc\u00ea ganha sempre que eles retiram<\/p>\n\n\n\n<p><em>Sempre que seus indicados retirarem seus ganhos, voc\u00ea receber\u00e1 10% creditado em sua conta tamb\u00e9m.<\/em><\/p>\n<\/div><figure class=\"wp-block-media-text__media\"><img loading=\"lazy\" decoding=\"async\" width=\"80\" height=\"162\" src=\"http:\/\/demo.clipmydeals.com\/14\/wp-content\/uploads\/2024\/01\/growth.png\" alt=\"\" class=\"wp-image-230 size-full\"\/><\/figure><\/div>\n","protected":false},"excerpt":{"rendered":"<p>Como funciona 1. Cadastre-se em nosso site Inscrever-se se voc\u00ea ainda n\u00e3o aderiu.\u00a0Conecte-se\u00a0para uma conta existente. 2. Convide seus amigos Pense em todos os seus amigos que fazem compras online regularmente e convide-os. Quanto mais voc\u00ea convida, mais voc\u00ea ganha. 3. Seus amigos compram e ganham dinheiro de volta Seus amigos compram em nosso site [&hellip;]<\/p>\n","protected":false},"author":1,"featured_media":0,"parent":0,"menu_order":0,"comment_status":"closed","ping_status":"closed","template":"","meta":{"footnotes":""},"class_list":["post-58","page","type-page","status-publish","hentry"],"_links":{"self":[{"href":"https:\/\/demo.clipmydeals.com\/14\/wp-json\/wp\/v2\/pages\/58","targetHints":{"allow":["GET"]}}],"collection":[{"href":"https:\/\/demo.clipmydeals.com\/14\/wp-json\/wp\/v2\/pages"}],"about":[{"href":"https:\/\/demo.clipmydeals.com\/14\/wp-json\/wp\/v2\/types\/page"}],"author":[{"embeddable":true,"href":"https:\/\/demo.clipmydeals.com\/14\/wp-json\/wp\/v2\/users\/1"}],"replies":[{"embeddable":true,"href":"https:\/\/demo.clipmydeals.com\/14\/wp-json\/wp\/v2\/comments?post=58"}],"version-history":[{"count":2,"href":"https:\/\/demo.clipmydeals.com\/14\/wp-json\/wp\/v2\/pages\/58\/revisions"}],"predecessor-version":[{"id":422,"href":"https:\/\/demo.clipmydeals.com\/14\/wp-json\/wp\/v2\/pages\/58\/revisions\/422"}],"wp:attachment":[{"href":"https:\/\/demo.clipmydeals.com\/14\/wp-json\/wp\/v2\/media?parent=58"}],"curies":[{"name":"wp","href":"https:\/\/api.w.org\/{rel}","templated":true}]}}