{"id":365,"date":"2024-01-28T13:21:41","date_gmt":"2024-01-28T13:21:41","guid":{"rendered":"https:\/\/demo.clipmydeals.com\/15\/?page_id=365"},"modified":"2024-01-28T13:21:41","modified_gmt":"2024-01-28T13:21:41","slug":"terminos-de-uso","status":"publish","type":"page","link":"https:\/\/demo.clipmydeals.com\/15\/terminos-de-uso\/","title":{"rendered":"T\u00e9rminos de Uso"},"content":{"rendered":"\n<p><strong><br>ACEPTACI\u00d3N DE LOS T\u00c9RMINOS<\/strong><strong><\/strong><\/p>\n\n\n\n<p>ClipMyDeals (en adelante, \u00abClipMyDeals\u00bb, \u00abnosotros\u00bb, \u00abnos\u00bb o \u00abnuestro\u00bb) proporciona un mercado de cupones digitales &nbsp;en el Reino Unido (los \u00abServicios\u00bb) que incluye y es accesible a trav\u00e9s del sitio web publicado en www. ClipMyDeals.com (y cualquier otro sitio web con &nbsp;la marca ClipMyDeals que se vincule a estos T\u00e9rminos) (colectivamente, el \u00abSitio\u00bb). Los Servicios, por ejemplo, permiten a los usuarios acceder a cupones de ciertos comerciantes externos (\u00abComerciantes\u00bb) para uso en l\u00ednea. Al utilizar los Servicios, usted acepta cumplir y estar legalmente obligado por los t\u00e9rminos y condiciones de estos T\u00e9rminos de uso (\u00abT\u00e9rminos\u00bb), ya sea que se convierta o no en un usuario registrado de los Servicios. Estos T\u00e9rminos rigen su acceso y uso de los Servicios, y constituyen un acuerdo legal vinculante entre usted y ClipMyDeals. Lea atentamente estos T\u00e9rminos y nuestra Pol\u00edtica de privacidad y que se incorpora por referencia en estos T\u00e9rminos.<\/p>\n\n\n\n<p>Si no est\u00e1 de acuerdo con estos t\u00e9rminos, no utilice los Servicios.<\/p>\n\n\n\n<p><strong>El acceso no autorizado, distribuci\u00f3n, reproducci\u00f3n, copia, retransmisi\u00f3n, publicaci\u00f3n, venta, explotaci\u00f3n (comercial o de otro tipo), o cualquier otra forma de transferencia de cualquier parte del Sitio, Aplicaci\u00f3n o Servicios, incluidos, entre otros, todo el contenido, servicios, productos digitales, herramientas o productos, est\u00e1 expresamente prohibido.<\/strong><\/p>\n\n\n\n<p><strong>INTRODUCCI\u00d3N<\/strong><strong><\/strong><\/p>\n\n\n\n<p>ClipMyDeals le ofrece el descuento especificado contra art\u00edculos \/ productos pertenecientes a los comerciantes en cuesti\u00f3n que se venden ampliamente en l\u00ednea. Estos cupones de descuento est\u00e1n configurados por los criterios promocionales de los propios comerciantes y pueden ser utilizados por cualquier persona. Estos cupones generalmente duran un cierto per\u00edodo de tiempo y expirar\u00e1n despu\u00e9s de un per\u00edodo espec\u00edfico. Hemos establecido las mejores ofertas y descuentos para el menor tiempo posible, a veces solo horas o por un d\u00eda. Por lo tanto, es necesario que nos siga regularmente para obtener c\u00f3digos de descuento para recibir las mejores ofertas. Nuestro motivo detr\u00e1s de estos c\u00f3digos es generar ventas para los comerciantes dentro del per\u00edodo de tiempo especificado, aprovechando simult\u00e1neamente la publicidad y la marca de estos comerciantes.<\/p>\n\n\n\n<p>\u00abLogin\u00bb significa que hemos permitido al \u00abUsuario\u00bb registrarse y tener acceso a ciertos elementos del sitio web bajo nuestros t\u00e9rminos de uso.<\/p>\n\n\n\n<p>\u00abUsuario\u00bb significa cualquier persona que visite o utilice el sitio web.<\/p>\n\n\n\n<p><strong>PARTICIPACI\u00d3N<\/strong><strong><\/strong><\/p>\n\n\n\n<p>Registro<\/p>\n\n\n\n<p>Para utilizar ciertas partes de los Servicios, es posible que deba completar un proceso de registro y establecer una cuenta con ClipMyDeals (\u00abCuenta\u00bb). Usted declara y garantiza que toda la informaci\u00f3n proporcionada por usted a ClipMyDeals es actual, precisa y completa, y que mantendr\u00e1 la exactitud e integridad de esta informaci\u00f3n de forma r\u00e1pida y oportuna.<\/p>\n\n\n\n<p>Contrase\u00f1a y seguridad<\/p>\n\n\n\n<p>Como usuario registrado de los Servicios, puede recibir o establecer un nombre de usuario y una o m\u00e1s contrase\u00f1as. Usted es el \u00fanico responsable de mantener la confidencialidad y seguridad de su(s) contrase\u00f1a(s) y cuenta(s). Usted entiende y acepta que es individual y totalmente responsable de todas las acciones y publicaciones realizadas desde su(s) Cuenta(s). Las cuentas que crees no son transferibles. Usted acepta notificar a ClipMyDeals inmediatamente si tiene conocimiento de cualquier uso no autorizado de su(s) cuenta(s).<\/p>\n\n\n\n<p>Privacidad<\/p>\n\n\n\n<p>ClipMyDeals respeta la privacidad de los usuarios. La Pol\u00edtica de privacidad proporcionada a trav\u00e9s del Sitio, y que se puede encontrar en Pol\u00edtica de privacidad, se incorpora expresamente aqu\u00ed por referencia y forma parte de estos T\u00e9rminos.<\/p>\n\n\n\n<p>Contenido generado por el usuario<\/p>\n\n\n\n<p>ClipMyDeals no preselecciona ni revisa regularmente todo el contenido aportado. Sin embargo, ClipMyDeals tiene el derecho absoluto (aunque no la obligaci\u00f3n) de eliminar, sin previo aviso, cualquier contenido publicado.<\/p>\n\n\n\n<p>Al publicar cualquier contenido, usted declara y garantiza:<\/p>\n\n\n\n<ol class=\"wp-block-list\">\n<li>tiene todos los derechos, t\u00edtulos e intereses sobre dicho contenido publicado, incluidos, entre otros, cualquier consentimiento, autorizaci\u00f3n, liberaci\u00f3n, autorizaci\u00f3n o licencia de cualquier tercero (como, entre otros, cualquier divulgaci\u00f3n relacionada con los derechos de privacidad o publicidad) necesaria para que usted proporcione, publique, cargue, ingrese o env\u00ede el contenido publicado, o<\/li>\n\n\n\n<li>dicho contenido publicado es de dominio p\u00fablico, o<\/li>\n\n\n\n<li>Su uso de dicho contenido publicado constituye un uso justo. Adem\u00e1s, declara y garantiza que la publicaci\u00f3n de dicho contenido no viola ni constituye la infracci\u00f3n de ninguna patente, derecho de autor, marca registrada, secreto comercial, derecho de privacidad, derecho de publicidad, derechos morales u otro derecho de propiedad intelectual reconocido por cualquier jurisdicci\u00f3n aplicable de cualquier persona o entidad, o que de otra manera constituye el incumplimiento de cualquier acuerdo con cualquier otra persona o entidad.<\/li>\n<\/ol>\n\n\n\n<p>Tambi\u00e9n acepta no publicar ninguno de los siguientes tipos de contenido en el Sitio:<\/p>\n\n\n\n<ol class=\"wp-block-list\" start=\"3\">\n<li>contenido para adultos, pornograf\u00eda, im\u00e1genes sexuales expl\u00edcitas o im\u00e1genes de desnudos;<\/li>\n\n\n\n<li>contenido que contenga lenguaje expl\u00edcito, vulgar u obsceno;<\/li>\n\n\n\n<li>contenido que promueva el odio, el abuso o las acciones destructivas;<\/li>\n\n\n\n<li>contenido que promueva actividades ilegales; o contenido principalmente pol\u00edtico, religioso, ps\u00edquico o metaf\u00edsico;<\/li>\n\n\n\n<li>contenidos que promuevan software pirateado;<\/li>\n\n\n\n<li>contenido destinado a phishing o propagaci\u00f3n de malware;<\/li>\n\n\n\n<li>contenido que menosprecie a cualquier persona o entidad;<\/li>\n\n\n\n<li>contenido que viole cualquier ley o regulaci\u00f3n; o<\/li>\n\n\n\n<li>cualquier otro contenido que sea o pueda ser considerado inapropiado, inadecuado u ofensivo, todo seg\u00fan lo determinemos nosotros.<\/li>\n<\/ol>\n\n\n\n<p><strong>LICENCIA PARA CLIPMYDEALS<\/strong><strong><\/strong><\/p>\n\n\n\n<p>Al publicar o contribuir con contenido a los Servicios, o al proporcionar comentarios, sugerencias, ideas y otros env\u00edos a ClipMyDeals, usted otorga &nbsp;a ClipMyDeals, una licencia no exclusiva, libre de regal\u00edas, perpetua y mundial para usar su contenido en relaci\u00f3n con la operaci\u00f3n de los Servicios, incluidos, entre otros, (a) los derechos de licencia para copiar, distribuir, transmitir, mostrar p\u00fablicamente,&nbsp; ejecutar, reproducir, editar, traducir y reformatear p\u00fablicamente su contenido, y\/o incorporarlo a una obra colectiva, y (b) el derecho a sublicenciar cualquiera o todos &nbsp;los derechos de licencia de ClipMyDeals a otros. Adem\u00e1s, renuncia a todos y cada uno de los derechos morales sobre dicho contenido a favor de ClipMyDeals. Para mayor certeza, esto significa que, entre otras cosas, ClipMyDeals tiene el derecho de utilizar todas y cada una de las ideas que env\u00ede (incluidas las ideas sobre nuestros productos, servicios, publicaciones o campa\u00f1as publicitarias) de la manera que elijamos, sin previo aviso ni obligaci\u00f3n alguna hacia usted.<\/p>\n\n\n\n<p>Uso aceptable<\/p>\n\n\n\n<p>Por la presente, ClipMyDeals le otorga una licencia limitada, no exclusiva e intransferible para acceder y utilizar los Servicios proporcionados &nbsp;por ClipMyDeals \u00fanicamente para su uso y disfrute personal de la manera permitida por estos T\u00e9rminos. No intentar\u00e1 ni participar\u00e1 en actos potencialmente da\u00f1inos dirigidos contra los Servicios, incluidos, entre otros, uno o m\u00e1s de los siguientes:<\/p>\n\n\n\n<ol class=\"wp-block-list\">\n<li>Usar los Servicios en contravenci\u00f3n de cualquier otro acuerdo del que usted sea parte, incluido, entre otros, cualquier acuerdo de empleo del que pueda ser parte;<\/li>\n\n\n\n<li>causar, permitir o ayudar a cualquier otra persona a hacerse pasar por usted;<\/li>\n\n\n\n<li>compartir su contrase\u00f1a o inicio de sesi\u00f3n con cualquier otra persona;<\/li>\n\n\n\n<li>iniciar sesi\u00f3n en un servidor o Cuenta(s) a la que no est\u00e1 autorizado a acceder;<\/li>\n\n\n\n<li>crear m\u00e1s de una cuenta, falsificar nombres de usuario, manipular identificadores o hacerse pasar por otra persona o tergiversar su identidad o afiliaci\u00f3n con cualquier persona o entidad;<\/li>\n\n\n\n<li>emular o falsificar el uso de los Servicios;<\/li>\n\n\n\n<li>violar o intentar violar cualquier caracter\u00edstica de seguridad de los Servicios;<\/li>\n\n\n\n<li>usar software, dispositivos, scripts, robots u otros medios o procesos manuales o automatizados para acceder, \u00abraspar\u00bb, \u00abrastrear\u00bb o \u00abara\u00f1ar\u00bb cualquier p\u00e1gina contenida en el Sitio;<\/li>\n\n\n\n<li>introducir virus, gusanos, software, troyanos u otro c\u00f3digo da\u00f1ino similar en los Servicios;<\/li>\n\n\n\n<li>interferir o intentar interferir con el uso de los Servicios por parte de cualquier otro usuario, host o red, incluidos, entre otros, mediante el env\u00edo de virus, sobrecarga, \u00abinundaci\u00f3n\u00bb, \u00abspamming\u00bb, \u00abbombardeo de correo\u00bb, \u00abping\u00bb o \u00abbloqueo\u00bb de los Servicios;<\/li>\n\n\n\n<li>causar, permitir o ayudar a m\u00e1quinas, bots o servicios automatizados a acceder o utilizar los Servicios sin el permiso expreso por escrito de ClipMyDeals;<\/li>\n\n\n\n<li>alterar el funcionamiento, la funcionalidad o la seguridad de los Servicios;<\/li>\n\n\n\n<li>intentar anular o eludir cualquier regla de seguridad o uso incorporada en los Servicios que permita proteger los materiales digitales;<\/li>\n\n\n\n<li>intentar sondear, escanear o probar la vulnerabilidad de los Servicios, o cualquier sistema o red asociada, o violar cualquier medida de seguridad o autenticaci\u00f3n;<\/li>\n\n\n\n<li>hacer un uso indebido, enga\u00f1o, interrumpir o interferir de otro modo con el funcionamiento de los Servicios;<\/li>\n\n\n\n<li>recolectar o recopilar direcciones de correo electr\u00f3nico u otra informaci\u00f3n de contacto de otros usuarios o clientes de los Servicios por medios electr\u00f3nicos o de otro tipo;<\/li>\n\n\n\n<li>realizar ingenier\u00eda inversa, descompilar, desensamblar, descifrar o intentar derivar el c\u00f3digo fuente de cualquier propiedad intelectual subyacente utilizada para proporcionar los Servicios;<\/li>\n\n\n\n<li>participar en \u00abencuadre\u00bb, \u00abduplicaci\u00f3n\u00bb o simular de otro modo la apariencia o funci\u00f3n de los Servicios;<\/li>\n\n\n\n<li>falsificar cualquier encabezado de paquete TCP\/IP o cualquier parte de la informaci\u00f3n del encabezado en cualquier correo electr\u00f3nico o publicaci\u00f3n de grupos de noticias;<\/li>\n\n\n\n<li>enlaces profundos a cualquier parte de estos Servicios sin nuestro permiso expreso por escrito;<\/li>\n\n\n\n<li>actuar ilegal o maliciosamente contra los intereses comerciales o la reputaci\u00f3n de ClipMyDeals o los Comerciantes promocionados a trav\u00e9s de los Servicios;<\/li>\n\n\n\n<li>hiperv\u00ednculos a los Servicios desde cualquier otro sitio web sin nuestro consentimiento inicial y continuo;<\/li>\n\n\n\n<li>utilizar los Servicios o cualquiera de sus contenidos para publicitar o solicitar, para cualquier otro prop\u00f3sito comercial, pol\u00edtico o religioso, o para competir, directa o indirectamente con ClipMyDeals;<\/li>\n\n\n\n<li>revender o reutilizar su acceso a los Servicios o cualquier compra realizada a trav\u00e9s de los Servicios; o<\/li>\n\n\n\n<li>utilizar los Servicios o cualquiera de sus recursos para solicitar a otros usuarios de los Servicios, Comerciantes u otros socios comerciales de ClipMyDeals&nbsp; que se conviertan en usuarios o socios de otros servicios en l\u00ednea o fuera de l\u00ednea directa o indirectamente competitivos o potencialmente competitivos con ClipMyDeals, incluyendo, sin limitaci\u00f3n, la agregaci\u00f3n de cupones u ofertas actuales u ofrecidos anteriormente.<\/li>\n<\/ol>\n\n\n\n<p><strong>[NOTA: Las violaciones de la seguridad del sistema o de la red pueden resultar en responsabilidad civil o penal. Usted acepta que es su responsabilidad instalar software antivirus y protecciones relacionadas contra virus, troyanos, gusanos, bombas de tiempo, cancelbots u otras rutinas o motores de programaci\u00f3n inform\u00e1tica que tengan la intenci\u00f3n de da\u00f1ar, destruir, interrumpir o perjudicar la funcionalidad u operaci\u00f3n de una computadora.]<\/strong><\/p>\n\n\n\n<p><strong>EXACTITUD<\/strong><strong><\/strong><\/p>\n\n\n\n<p>ClipMyDeals no hace ninguna representaci\u00f3n o garant\u00eda en cuanto a la exactitud o idoneidad para el uso de cualquier oferta, incluyendo, pero no limitado a, cupones, descuentos, etc. publicados a trav\u00e9s de los Servicios o que cualquier tercero honrar\u00e1 o reconocer\u00e1 dichas ofertas, cupones, descuentos, descuentos, etc. publicados a trav\u00e9s de los Servicios.<\/p>\n\n\n\n<p>ClipMyDeals no es responsable de proporcionar ning\u00fan valor por las ofertas, cupones, descuentos, descuentos, etc. publicados a trav\u00e9s de los Servicios. &nbsp;ClipMyDeals no es responsable del cambio de informaci\u00f3n en sitios o tiendas de terceros, incluidos, entre otros, informaci\u00f3n de reembolso, precios, disponibilidad o idoneidad para el uso.<\/p>\n\n\n\n<p>ClipMyDeals no revisa ni puede revisar todo el material disponible a trav\u00e9s de sitios web vinculados o vinculados a cualquier parte de los Servicios. &nbsp;ClipMyDeals no garantiza que los Servicios o &nbsp;cualquier funci\u00f3n contenida en el &nbsp;contenido de ClipMyDeals disponible a trav\u00e9s de los Servicios ser\u00e1n ininterrumpidos o libres de errores, que los &nbsp;defectos ser\u00e1n corregidos, o que los Servicios o el servidor que los hace disponibles est\u00e1n libres de virus o errores.<\/p>\n\n\n\n<p>EN NING\u00daN CASO CLIPMYDEALS O&nbsp; SUS AFILIADOS SER\u00c1N RESPONSABLES DE NING\u00daN DA\u00d1O (YA SEA CONSECUENTE, DIRECTO, INCIDENTAL, INDIRECTO, PUNITIVO, ESPECIAL O DE OTRO TIPO) QUE SURJA DE, O EST\u00c9 RELACIONADO DE ALGUNA MANERA CON, LAS OFERTAS DE UN TERCERO, INDEPENDIENTEMENTE DE SI DICHOS DA\u00d1OS SE BASAN EN CONTRATO, RESPONSABILIDAD ESTRICTA, AGRAVIO U OTRAS TEOR\u00cdAS DE RESPONSABILIDAD, Y TAMBI\u00c9N INDEPENDIENTEMENTE DE SI CLIPMYDEALS RECIBI\u00d3 UN AVISO REAL O CONSTRUCTIVO DE QUE LOS DA\u00d1OS ERAN POSIBLES.<\/p>\n\n\n\n<p><strong>VINCULACI\u00d3N<\/strong><strong><\/strong><\/p>\n\n\n\n<p>Usted entiende que cualquier enlace hacia o desde los Servicios no implica de ninguna manera que ClipMyDeals est\u00e9&nbsp; respaldado por un &nbsp;tercero o que ClipMyDeals respalde o est\u00e9 afiliado a cualquier tercero o cualquier sitio web de terceros. Usted acepta que ClipMyDeals no asume ninguna responsabilidad u obligaci\u00f3n por cualquier contenido al que se acceda o da\u00f1o causado por cualquier sitio web de terceros. Otros sitios web pueden recopilar y tratar la informaci\u00f3n que recopilan de manera diferente, por lo que le recomendamos que lea y revise cuidadosamente la pol\u00edtica de privacidad y los t\u00e9rminos de uso de cada sitio web que visite.<\/p>\n\n\n\n<p><strong>INFORMACI\u00d3N SOBRE MARCAS COMERCIALES<\/strong><strong><\/strong><\/p>\n\n\n\n<p>Usted acepta que todas las marcas comerciales,&nbsp; nombres comerciales, marcas de servicio y otros logotipos y caracter\u00edsticas de marca de ClipMyDeals (incluidos, entre otros, \u00abClipMyDeals\u00bb, \u00abSave On Everything\u00bb y \u00abSave On &nbsp;ClipMyDeals\u00bb) que se muestran a trav\u00e9s de los Servicios (colectivamente, las \u00abMarcas\u00bb) son marcas comerciales y propiedad de ClipMyDeals. Usted acepta no mostrar ni utilizar &nbsp;las Marcas de ClipMyDeals de ninguna manera sin &nbsp;el permiso previo de ClipMyDeals. Las marcas comerciales de terceros son propiedad de sus respectivos propietarios. La presencia de una marca comercial de terceros en los Servicios no significa &nbsp;que ClipMyDeals &nbsp;tenga ninguna relaci\u00f3n con ese tercero o que dicho tercero respalde los Servicios o ClipMyDeals.<\/p>\n\n\n\n<p><strong>TITULARIDAD DE LA PROPIEDAD INTELECTUAL<\/strong><strong><\/strong><\/p>\n\n\n\n<p>Todos los derechos, t\u00edtulos e intereses en los Servicios, incluida la tecnolog\u00eda y los secretos comerciales incorporados en los mismos y cualquier desarrollo personalizado creado o proporcionado en relaci\u00f3n con o relacionados con estos T\u00e9rminos, incluidos todos los derechos de autor, patentes, secretos comerciales, imagen comercial y otros derechos de propiedad, y cualquier trabajo derivado de los mismos, pertenecer\u00e1n \u00fanica y exclusivamente a ClipMyDeals.&nbsp; o sus licenciantes, y usted no tendr\u00e1 ning\u00fan derecho en ninguno de los anteriores. Usted reconoce que los Servicios constituyen un secreto comercial valioso y\/o son informaci\u00f3n confidencial de ClipMyDeals o sus licenciantes. Nada en estos T\u00e9rminos o de otra manera se considerar\u00e1 que le otorga un inter\u00e9s de propiedad en los Servicios, en su totalidad o en parte. Todo el contenido y los materiales incluidos como parte de los Servicios, como texto, gr\u00e1ficos, logotipos, iconos de botones, im\u00e1genes, clips de audio, informaci\u00f3n, datos, formularios, fotograf\u00edas, gr\u00e1ficos, videos, tipos de letra, gr\u00e1ficos, m\u00fasica, sonidos y otro material, y software (las \u00abObras\u00bb) son propiedad &nbsp;de ClipMyDeals, sus licenciantes o titulares de derechos de terceros aplicables (como los Comerciantes), y est\u00e1n protegidos por derechos de autor,&nbsp; Las marcas comerciales, secretos comerciales u otros derechos de propiedad y estos derechos son v\u00e1lidos y est\u00e1n protegidos en todas las formas, medios y tecnolog\u00edas existentes ahora o desarrollados en el futuro. Todas las obras est\u00e1n protegidas por derechos de autor como obras individuales y como una obra colectiva bajo las leyes &nbsp;de derechos de autor y las disposiciones de los tratados internacionales, y ClipMyDeals posee derechos de autor en la selecci\u00f3n, coordinaci\u00f3n, disposici\u00f3n y mejora de las mismas. No puede modificar, eliminar, eliminar, aumentar, agregar, publicar, transmitir, adaptar, traducir, participar en la transferencia o venta, crear trabajos derivados de, o explotar de cualquier manera cualquiera de los Trabajos, en su totalidad o en parte. Cualquier uso que no sea el contemplado en este documento, incluida la reproducci\u00f3n, modificaci\u00f3n, distribuci\u00f3n, transmisi\u00f3n, adaptaciones, traducci\u00f3n, republicaci\u00f3n, exhibici\u00f3n o ejecuci\u00f3n de las Obras, excepto seg\u00fan lo espec\u00edficamente permitido en este documento, est\u00e1 estrictamente prohibido. Usted entiende y reconoce que la divulgaci\u00f3n, el uso o la copia no autorizados de los productos y servicios patentados proporcionados de conformidad con estos T\u00e9rminos puede causar &nbsp;a ClipMyDeals y sus licenciantes da\u00f1os &nbsp;irreparables, que pueden no remediarse por ley, y acepta que &nbsp;los recursos de ClipMyDeals y sus licenciantes por incumplimiento de estos T\u00e9rminos pueden ser de equidad a modo de medidas cautelares u otras medidas equitativas. <strong>Nuestro logotipo de marca y nombre de marca est\u00e1 registrado bajo la ley de marcas registradas de 1999. Cualquier infracci\u00f3n o plagio de cualquier tipo dar\u00e1 lugar a acciones legales graves contra el autor.<\/strong><\/p>\n\n\n\n<p><strong>EXENCI\u00d3N DE RESPONSABILIDAD, LIBERACI\u00d3N Y LIMITACI\u00d3N DE RESPONSABILIDAD<\/strong><strong><\/strong><\/p>\n\n\n\n<p>Renuncia<\/p>\n\n\n\n<p>LOS SERVICIOS SON PROPORCIONADOS POR CLIPMYDEALS \u00abTAL CUAL\u00bb Y \u00abSEG\u00daN DISPONIBILIDAD\u00bb. &nbsp;CLIPMYDEALS NO HACE REPRESENTACIONES O GARANT\u00cdAS DE NING\u00daN TIPO, EXPRESAS O IMPL\u00cdCITAS, EN CUANTO A LA OPERACI\u00d3N DE LOS SERVICIOS O LA INFORMACI\u00d3N, CONTENIDO, MATERIALES O PRODUCTOS DISPONIBLES A TRAV\u00c9S DE LOS SERVICIOS. USTED ACEPTA EXPRESAMENTE QUE SU USO DE LOS SERVICIOS ES BAJO SU PROPIO RIESGO.<\/p>\n\n\n\n<p>EN LA MEDIDA EN QUE LO PERMITA LA LEY APLICABLE, CLIPMYDEALS RENUNCIA A TODAS LAS GARANT\u00cdAS, EXPRESAS O IMPL\u00cdCITAS, INCLUIDAS, ENTRE OTRAS, LAS GARANT\u00cdAS IMPL\u00cdCITAS DE COMERCIABILIDAD E IDONEIDAD PARA UN PROP\u00d3SITO PARTICULAR. &nbsp;CLIPMYDEALS &nbsp;NO GARANTIZA QUE LOS SERVICIOS, SUS SERVIDORES O EL CORREO ELECTR\u00d3NICO ENVIADO DESDE CLIPMYDEALS EST\u00c9N LIBRES DE VIRUS U OTROS COMPONENTES DA\u00d1INOS.<\/p>\n\n\n\n<p>TODAS LAS IM\u00c1GENES MOSTRADAS O UTILIZADAS EN EL BLOG DE CLIPMYDEALS SON SOLO PARA FINES ILUSTRATIVOS.<\/p>\n\n\n\n<p>Lanzamiento<\/p>\n\n\n\n<p>USTED ES EL \u00daNICO RESPONSABLE DE SUS INTERACCIONES CON LOS COMERCIANTES Y OTROS USUARIOS DEL SITIO. EN LA MEDIDA PERMITIDA POR LAS LEYES APLICABLES, USTED LIBERA A CLIPMYDEALS DE &nbsp;TODAS Y CADA UNA DE LAS RECLAMACIONES O RESPONSABILIDADES RELACIONADAS CON CUALQUIER PRODUCTO O SERVICIO DE UN COMERCIANTE, CUALQUIER ACCI\u00d3N O INACCI\u00d3N POR PARTE DEL COMERCIANTE, INCLUIDO EL INCUMPLIMIENTO POR PARTE DEL COMERCIANTE DE LA LEY APLICABLE, Y CUALQUIER CONDUCTA O DISCURSO, YA SEA EN L\u00cdNEA O FUERA DE L\u00cdNEA, DE CUALQUIER OTRO USUARIO.<\/p>\n\n\n\n<p>Limitaci\u00f3n de responsabilidad<\/p>\n\n\n\n<p>CLIPMYDEALS NO SER\u00c1 RESPONSABLE DE NING\u00daN DA\u00d1O DE NING\u00daN TIPO QUE SURJA DEL USO DE ESTOS SERVICIOS, INCLUIDOS, ENTRE OTROS, DA\u00d1OS DIRECTOS, INDIRECTOS, INCIDENTALES, PUNITIVOS Y CONSECUENTES.<\/p>\n\n\n\n<p>Aplicabilidad<\/p>\n\n\n\n<p>LAS LEYES DE CIERTAS JURISDICCIONES NO PERMITEN LIMITACIONES SOBRE GARANT\u00cdAS IMPL\u00cdCITAS O LA EXCLUSI\u00d3N O LIMITACI\u00d3N DE CIERTOS DA\u00d1OS. SI ESTAS LEYES SE APLICAN A USTED, ALGUNAS O TODAS LAS RENUNCIAS, EXCLUSIONES O LIMITACIONES ANTERIORES PUEDEN NO APLICARSE EN SU CASO, Y ES POSIBLE QUE TENGA DERECHOS ADICIONALES.<\/p>\n\n\n\n<p><strong>ACCESO RESTRINGIDO<\/strong><strong><\/strong><\/p>\n\n\n\n<ol class=\"wp-block-list\">\n<li>Hemos restringido el acceso a ciertas \u00e1reas de nuestro sitio web. Nos reservamos el derecho de restringir el acceso a otras \u00e1reas de nuestro sitio web, o a todo nuestro sitio web bajo nuestra circunspecci\u00f3n.<\/li>\n\n\n\n<li>Si encontramos alguna salida de datos, deshabilitaremos inmediatamente su ID de usuario y contrase\u00f1a sin previo aviso o explicaci\u00f3n.<\/li>\n<\/ol>\n","protected":false},"excerpt":{"rendered":"<p>ACEPTACI\u00d3N DE LOS T\u00c9RMINOS ClipMyDeals (en adelante, \u00abClipMyDeals\u00bb, \u00abnosotros\u00bb, \u00abnos\u00bb o \u00abnuestro\u00bb) proporciona un mercado de cupones digitales &nbsp;en el Reino Unido (los \u00abServicios\u00bb) que incluye y es accesible a trav\u00e9s del sitio web publicado en www. ClipMyDeals.com (y cualquier otro sitio web con &nbsp;la marca ClipMyDeals que se vincule a estos T\u00e9rminos) (colectivamente, el [&hellip;]<\/p>\n","protected":false},"author":1,"featured_media":0,"parent":0,"menu_order":0,"comment_status":"closed","ping_status":"closed","template":"","meta":{"footnotes":""},"class_list":["post-365","page","type-page","status-publish","hentry"],"_links":{"self":[{"href":"https:\/\/demo.clipmydeals.com\/15\/wp-json\/wp\/v2\/pages\/365","targetHints":{"allow":["GET"]}}],"collection":[{"href":"https:\/\/demo.clipmydeals.com\/15\/wp-json\/wp\/v2\/pages"}],"about":[{"href":"https:\/\/demo.clipmydeals.com\/15\/wp-json\/wp\/v2\/types\/page"}],"author":[{"embeddable":true,"href":"https:\/\/demo.clipmydeals.com\/15\/wp-json\/wp\/v2\/users\/1"}],"replies":[{"embeddable":true,"href":"https:\/\/demo.clipmydeals.com\/15\/wp-json\/wp\/v2\/comments?post=365"}],"version-history":[{"count":1,"href":"https:\/\/demo.clipmydeals.com\/15\/wp-json\/wp\/v2\/pages\/365\/revisions"}],"predecessor-version":[{"id":368,"href":"https:\/\/demo.clipmydeals.com\/15\/wp-json\/wp\/v2\/pages\/365\/revisions\/368"}],"wp:attachment":[{"href":"https:\/\/demo.clipmydeals.com\/15\/wp-json\/wp\/v2\/media?parent=365"}],"curies":[{"name":"wp","href":"https:\/\/api.w.org\/{rel}","templated":true}]}}